{"id":2033,"date":"2023-04-24T17:41:02","date_gmt":"2023-04-24T15:41:02","guid":{"rendered":"https:\/\/dacilcardenes.com\/the-psychologist\/"},"modified":"2023-08-09T11:48:43","modified_gmt":"2023-08-09T09:48:43","slug":"the-psychologist","status":"publish","type":"page","link":"https:\/\/dacilcardenes.com\/en\/the-psychologist\/","title":{"rendered":"THE PSYCHOLOGIST"},"content":{"rendered":"\t\t<div data-elementor-type=\"wp-page\" data-elementor-id=\"2033\" class=\"elementor elementor-2033 elementor-385\" data-elementor-post-type=\"page\">\n\t\t\t\t\t\t<section class=\"elementor-section elementor-top-section elementor-element elementor-element-f596e71 elementor-section-height-min-height elementor-section-boxed elementor-section-height-default elementor-section-items-middle\" data-id=\"f596e71\" data-element_type=\"section\" data-e-type=\"section\" data-settings=\"{&quot;background_background&quot;:&quot;classic&quot;,&quot;background_motion_fx_motion_fx_scrolling&quot;:&quot;yes&quot;,&quot;background_motion_fx_translateY_effect&quot;:&quot;yes&quot;,&quot;background_motion_fx_translateY_speed&quot;:{&quot;unit&quot;:&quot;px&quot;,&quot;size&quot;:2,&quot;sizes&quot;:[]},&quot;background_motion_fx_translateY_affectedRange&quot;:{&quot;unit&quot;:&quot;%&quot;,&quot;size&quot;:&quot;&quot;,&quot;sizes&quot;:{&quot;start&quot;:0,&quot;end&quot;:100}},&quot;background_motion_fx_devices&quot;:[&quot;desktop&quot;,&quot;tablet&quot;,&quot;mobile&quot;]}\">\n\t\t\t\t\t\t\t<div class=\"elementor-background-overlay\"><\/div>\n\t\t\t\t\t\t\t<div class=\"elementor-container elementor-column-gap-default\">\n\t\t\t\t\t<div class=\"elementor-column elementor-col-100 elementor-top-column elementor-element elementor-element-863d195\" data-id=\"863d195\" data-element_type=\"column\" data-e-type=\"column\">\n\t\t\t<div class=\"elementor-widget-wrap elementor-element-populated\">\n\t\t\t\t\t\t<div class=\"elementor-element elementor-element-d8bb095 elementor-invisible elementor-widget elementor-widget-heading\" data-id=\"d8bb095\" data-element_type=\"widget\" data-e-type=\"widget\" data-settings=\"{&quot;_animation&quot;:&quot;fadeIn&quot;}\" data-widget_type=\"heading.default\">\n\t\t\t\t<div class=\"elementor-widget-container\">\n\t\t\t\t\t<h3 class=\"elementor-heading-title elementor-size-default\">D\u00c1CIL C\u00c1RDENES<\/h3>\t\t\t\t<\/div>\n\t\t\t\t<\/div>\n\t\t\t\t<div class=\"elementor-element elementor-element-e149057 elementor-invisible elementor-widget elementor-widget-heading\" data-id=\"e149057\" data-element_type=\"widget\" data-e-type=\"widget\" data-settings=\"{&quot;_animation&quot;:&quot;fadeIn&quot;}\" data-widget_type=\"heading.default\">\n\t\t\t\t<div class=\"elementor-widget-container\">\n\t\t\t\t\t<h2 class=\"elementor-heading-title elementor-size-default\">The psychologist<\/h2>\t\t\t\t<\/div>\n\t\t\t\t<\/div>\n\t\t\t\t<div class=\"elementor-element elementor-element-73fc7e9 elementor-widget__width-initial elementor-widget-tablet__width-initial elementor-widget elementor-widget-text-editor\" data-id=\"73fc7e9\" data-element_type=\"widget\" data-e-type=\"widget\" data-widget_type=\"text-editor.default\">\n\t\t\t\t<div class=\"elementor-widget-container\">\n\t\t\t\t\t\t\t\t\t<p>While I was studying I quickly realised that a degree in clinical psychology would not be enough to practice such a broad profession, full of nuances and where human vulnerability and fragility are the basis of the work.<\/p>\n\t\t\t\t\t\t\t\t<\/div>\n\t\t\t\t<\/div>\n\t\t\t\t\t<\/div>\n\t\t<\/div>\n\t\t\t\t\t<\/div>\n\t\t<\/section>\n\t\t\t\t<section class=\"elementor-section elementor-top-section elementor-element elementor-element-c9c3b7c elementor-section-boxed elementor-section-height-default elementor-section-height-default\" data-id=\"c9c3b7c\" data-element_type=\"section\" data-e-type=\"section\">\n\t\t\t\t\t\t<div class=\"elementor-container elementor-column-gap-default\">\n\t\t\t\t\t<div class=\"elementor-column elementor-col-100 elementor-top-column elementor-element elementor-element-79ecdc1\" data-id=\"79ecdc1\" data-element_type=\"column\" data-e-type=\"column\">\n\t\t\t<div class=\"elementor-widget-wrap elementor-element-populated\">\n\t\t\t\t\t\t<div class=\"elementor-element elementor-element-f3a47e8 elementor-invisible elementor-widget elementor-widget-heading\" data-id=\"f3a47e8\" data-element_type=\"widget\" data-e-type=\"widget\" data-settings=\"{&quot;_animation&quot;:&quot;fadeIn&quot;}\" data-widget_type=\"heading.default\">\n\t\t\t\t<div class=\"elementor-widget-container\">\n\t\t\t\t\t<h3 class=\"elementor-heading-title elementor-size-default\">MY LIFE<\/h3>\t\t\t\t<\/div>\n\t\t\t\t<\/div>\n\t\t\t\t<div class=\"elementor-element elementor-element-218f2d5 elementor-invisible elementor-widget elementor-widget-heading\" data-id=\"218f2d5\" data-element_type=\"widget\" data-e-type=\"widget\" data-settings=\"{&quot;_animation&quot;:&quot;fadeIn&quot;}\" data-widget_type=\"heading.default\">\n\t\t\t\t<div class=\"elementor-widget-container\">\n\t\t\t\t\t<h2 class=\"elementor-heading-title elementor-size-default\">Professional<\/h2>\t\t\t\t<\/div>\n\t\t\t\t<\/div>\n\t\t\t\t<section class=\"elementor-section elementor-inner-section elementor-element elementor-element-0ef86bb elementor-reverse-tablet elementor-section-boxed elementor-section-height-default elementor-section-height-default\" data-id=\"0ef86bb\" data-element_type=\"section\" data-e-type=\"section\">\n\t\t\t\t\t\t<div class=\"elementor-container elementor-column-gap-default\">\n\t\t\t\t\t<div class=\"elementor-column elementor-col-50 elementor-inner-column elementor-element elementor-element-2f17520\" data-id=\"2f17520\" data-element_type=\"column\" data-e-type=\"column\">\n\t\t\t<div class=\"elementor-widget-wrap elementor-element-populated\">\n\t\t\t\t\t\t<div class=\"elementor-element elementor-element-149dc06 elementor-widget elementor-widget-image\" data-id=\"149dc06\" data-element_type=\"widget\" data-e-type=\"widget\" data-settings=\"{&quot;motion_fx_motion_fx_scrolling&quot;:&quot;yes&quot;,&quot;motion_fx_translateY_effect&quot;:&quot;yes&quot;,&quot;motion_fx_translateY_direction&quot;:&quot;negative&quot;,&quot;motion_fx_translateY_speed&quot;:{&quot;unit&quot;:&quot;px&quot;,&quot;size&quot;:&quot;1.5&quot;,&quot;sizes&quot;:[]},&quot;motion_fx_devices&quot;:[&quot;desktop&quot;,&quot;tablet&quot;],&quot;motion_fx_translateY_affectedRange&quot;:{&quot;unit&quot;:&quot;%&quot;,&quot;size&quot;:&quot;&quot;,&quot;sizes&quot;:{&quot;start&quot;:&quot;0&quot;,&quot;end&quot;:&quot;50&quot;}}}\" data-widget_type=\"image.default\">\n\t\t\t\t<div class=\"elementor-widget-container\">\n\t\t\t\t\t\t\t\t\t\t\t\t\t\t\t<img fetchpriority=\"high\" decoding=\"async\" width=\"600\" height=\"1080\" src=\"https:\/\/dacilcardenes.com\/wp-content\/uploads\/2023\/04\/img-dc-5.jpg\" class=\"attachment-full size-full wp-image-1965\" alt=\"\" srcset=\"https:\/\/dacilcardenes.com\/wp-content\/uploads\/2023\/04\/img-dc-5.jpg 600w, https:\/\/dacilcardenes.com\/wp-content\/uploads\/2023\/04\/img-dc-5-167x300.jpg 167w, https:\/\/dacilcardenes.com\/wp-content\/uploads\/2023\/04\/img-dc-5-569x1024.jpg 569w\" sizes=\"(max-width: 600px) 100vw, 600px\" \/>\t\t\t\t\t\t\t\t\t\t\t\t\t\t\t<\/div>\n\t\t\t\t<\/div>\n\t\t\t\t\t<\/div>\n\t\t<\/div>\n\t\t\t\t<div class=\"elementor-column elementor-col-50 elementor-inner-column elementor-element elementor-element-9c3eb74 elementor-invisible\" data-id=\"9c3eb74\" data-element_type=\"column\" data-e-type=\"column\" data-settings=\"{&quot;animation&quot;:&quot;fadeInRight&quot;}\">\n\t\t\t<div class=\"elementor-widget-wrap elementor-element-populated\">\n\t\t\t\t\t\t<div class=\"elementor-element elementor-element-d3d320b elementor-widget elementor-widget-heading\" data-id=\"d3d320b\" data-element_type=\"widget\" data-e-type=\"widget\" data-widget_type=\"heading.default\">\n\t\t\t\t<div class=\"elementor-widget-container\">\n\t\t\t\t\t<h4 class=\"elementor-heading-title elementor-size-default\">My development<\/h4>\t\t\t\t<\/div>\n\t\t\t\t<\/div>\n\t\t\t\t<div class=\"elementor-element elementor-element-adaaf1c elementor-widget elementor-widget-text-editor\" data-id=\"adaaf1c\" data-element_type=\"widget\" data-e-type=\"widget\" data-widget_type=\"text-editor.default\">\n\t\t\t\t<div class=\"elementor-widget-container\">\n\t\t\t\t\t\t\t\t\tSimultaneously with my work as a secretary and the first year of my studies, I started my training as a Gestalt psychotherapist, which was the beginning of many other continuous trainings that followed and that have always been present throughout my professional practice.\n<br><br>\nA specialisation in family and group conflict resolution. Humanistic and integrative psychotherapy, in-depth training in Enneagram theory, training in working with couples and adolescents. Training in the accompaniment of dying and bereavement, as well as in Compassion and Mindfulness.\n<br><br>\nFinally, trauma-focused psychotherapy is my training par excellence. Thanks to scientific advances in neuroscience in the last decade, multiple questions in psychology have been explained and answered, providing a neurophysiological framework for intervention that allows us to reach deep layers of emotional healing.\n<br><br>\nAll this, together with my meditation and mindfulness practice, helps me to approach my profession with a broad, deep and nuanced perspective.\t\t\t\t\t\t\t\t<\/div>\n\t\t\t\t<\/div>\n\t\t\t\t\t<\/div>\n\t\t<\/div>\n\t\t\t\t\t<\/div>\n\t\t<\/section>\n\t\t\t\t<section class=\"elementor-section elementor-inner-section elementor-element elementor-element-e3c53b3 elementor-section-boxed elementor-section-height-default elementor-section-height-default\" data-id=\"e3c53b3\" data-element_type=\"section\" data-e-type=\"section\">\n\t\t\t\t\t\t<div class=\"elementor-container elementor-column-gap-default\">\n\t\t\t\t\t<div class=\"elementor-column elementor-col-50 elementor-inner-column elementor-element elementor-element-4b63a20 elementor-invisible\" data-id=\"4b63a20\" data-element_type=\"column\" data-e-type=\"column\" data-settings=\"{&quot;animation&quot;:&quot;fadeInLeft&quot;}\">\n\t\t\t<div class=\"elementor-widget-wrap elementor-element-populated\">\n\t\t\t\t\t\t<div class=\"elementor-element elementor-element-79b53fa elementor-widget elementor-widget-heading\" data-id=\"79b53fa\" data-element_type=\"widget\" data-e-type=\"widget\" data-widget_type=\"heading.default\">\n\t\t\t\t<div class=\"elementor-widget-container\">\n\t\t\t\t\t<h4 class=\"elementor-heading-title elementor-size-default\">Research soul<\/h4>\t\t\t\t<\/div>\n\t\t\t\t<\/div>\n\t\t\t\t<div class=\"elementor-element elementor-element-907fe94 elementor-widget elementor-widget-text-editor\" data-id=\"907fe94\" data-element_type=\"widget\" data-e-type=\"widget\" data-widget_type=\"text-editor.default\">\n\t\t\t\t<div class=\"elementor-widget-container\">\n\t\t\t\t\t\t\t\t\t<p>In 2012 I published research on critical thinking in Adolescents for the International Association Unimos, funded by the Spanish Agency for International Development Cooperation (AEDID), called &#8220;Pilot for the implementation of the Moral Judgement Development approach (Lawrence Kohlberg) as a teaching-learning methodology in Development Education&#8221;.<\/p>\n<p>Today, with the publication of a new article on the relationship between trauma and dissociation in intimate relationships, entitled &#8220;Involuntary Rape. Trauma and dissociation as the basis of unwanted but apparently consensual sexual relations&#8221;, begins an exciting new research to give voice to a present but deeply silenced phenomenon.<\/p>\n\t\t\t\t\t\t\t\t<\/div>\n\t\t\t\t<\/div>\n\t\t\t\t<div class=\"elementor-element elementor-element-2fd9f09 elementor-widget elementor-widget-heading\" data-id=\"2fd9f09\" data-element_type=\"widget\" data-e-type=\"widget\" data-widget_type=\"heading.default\">\n\t\t\t\t<div class=\"elementor-widget-container\">\n\t\t\t\t\t<h4 class=\"elementor-heading-title elementor-size-default\">My career<\/h4>\t\t\t\t<\/div>\n\t\t\t\t<\/div>\n\t\t\t\t<div class=\"elementor-element elementor-element-e863ddc elementor-widget elementor-widget-text-editor\" data-id=\"e863ddc\" data-element_type=\"widget\" data-e-type=\"widget\" data-widget_type=\"text-editor.default\">\n\t\t\t\t<div class=\"elementor-widget-container\">\n\t\t\t\t\t\t\t\t\t<p>My career as a professional psychologist began in a centre run by the Sanitas insurance company where the caseload was immense, even overwhelming at times. After just one year I rented an office and set up my own private practice, leaving the insurance company behind.<\/p>\n<p>Since then, nearly 15 years ago, I have continued my private practice, now combined with training and writing, which have turned out to be my two new passions.<\/p>\n<p>Currently, in my commitment to the research, development and dissemination of trauma, its effects and implications in our lives and society, I am a member of the Spanish Association of Somatic Experiencing.<\/p>\n\t\t\t\t\t\t\t\t<\/div>\n\t\t\t\t<\/div>\n\t\t\t\t\t<\/div>\n\t\t<\/div>\n\t\t\t\t<div class=\"elementor-column elementor-col-50 elementor-inner-column elementor-element elementor-element-0ca589c\" data-id=\"0ca589c\" data-element_type=\"column\" data-e-type=\"column\">\n\t\t\t<div class=\"elementor-widget-wrap elementor-element-populated\">\n\t\t\t\t\t\t<div class=\"elementor-element elementor-element-7caee1c elementor-widget elementor-widget-image\" data-id=\"7caee1c\" data-element_type=\"widget\" data-e-type=\"widget\" data-settings=\"{&quot;motion_fx_motion_fx_scrolling&quot;:&quot;yes&quot;,&quot;motion_fx_translateY_effect&quot;:&quot;yes&quot;,&quot;motion_fx_translateY_direction&quot;:&quot;negative&quot;,&quot;motion_fx_translateY_speed&quot;:{&quot;unit&quot;:&quot;px&quot;,&quot;size&quot;:&quot;1.5&quot;,&quot;sizes&quot;:[]},&quot;motion_fx_devices&quot;:[&quot;desktop&quot;,&quot;tablet&quot;],&quot;motion_fx_translateY_affectedRange&quot;:{&quot;unit&quot;:&quot;%&quot;,&quot;size&quot;:&quot;&quot;,&quot;sizes&quot;:{&quot;start&quot;:&quot;0&quot;,&quot;end&quot;:&quot;50&quot;}}}\" data-widget_type=\"image.default\">\n\t\t\t\t<div class=\"elementor-widget-container\">\n\t\t\t\t\t\t\t\t\t\t\t\t\t\t\t<img decoding=\"async\" width=\"600\" height=\"1080\" src=\"https:\/\/dacilcardenes.com\/wp-content\/uploads\/2023\/04\/img-dc-1.jpg\" class=\"attachment-full size-full wp-image-1961\" alt=\"\" srcset=\"https:\/\/dacilcardenes.com\/wp-content\/uploads\/2023\/04\/img-dc-1.jpg 600w, https:\/\/dacilcardenes.com\/wp-content\/uploads\/2023\/04\/img-dc-1-167x300.jpg 167w, https:\/\/dacilcardenes.com\/wp-content\/uploads\/2023\/04\/img-dc-1-569x1024.jpg 569w\" sizes=\"(max-width: 600px) 100vw, 600px\" \/>\t\t\t\t\t\t\t\t\t\t\t\t\t\t\t<\/div>\n\t\t\t\t<\/div>\n\t\t\t\t\t<\/div>\n\t\t<\/div>\n\t\t\t\t\t<\/div>\n\t\t<\/section>\n\t\t\t\t\t<\/div>\n\t\t<\/div>\n\t\t\t\t\t<\/div>\n\t\t<\/section>\n\t\t\t\t<section class=\"elementor-section elementor-top-section elementor-element elementor-element-6ff0c166 elementor-section-height-min-height elementor-section-items-stretch elementor-section-boxed elementor-section-height-default\" data-id=\"6ff0c166\" data-element_type=\"section\" data-e-type=\"section\">\n\t\t\t\t\t\t<div class=\"elementor-container elementor-column-gap-default\">\n\t\t\t\t\t<div class=\"elementor-column elementor-col-100 elementor-top-column elementor-element elementor-element-2e10066b\" data-id=\"2e10066b\" data-element_type=\"column\" data-e-type=\"column\" data-settings=\"{&quot;background_background&quot;:&quot;classic&quot;}\">\n\t\t\t<div class=\"elementor-widget-wrap elementor-element-populated\">\n\t\t\t\t\t\t<div class=\"elementor-element elementor-element-27f3079f elementor-widget elementor-widget-heading\" data-id=\"27f3079f\" data-element_type=\"widget\" data-e-type=\"widget\" data-widget_type=\"heading.default\">\n\t\t\t\t<div class=\"elementor-widget-container\">\n\t\t\t\t\t<h4 class=\"elementor-heading-title elementor-size-default\">D\u00c1CIL C\u00c1RDENES<\/h4>\t\t\t\t<\/div>\n\t\t\t\t<\/div>\n\t\t\t\t<div class=\"elementor-element elementor-element-a296b85 elementor-widget elementor-widget-heading\" data-id=\"a296b85\" data-element_type=\"widget\" data-e-type=\"widget\" data-widget_type=\"heading.default\">\n\t\t\t\t<div class=\"elementor-widget-container\">\n\t\t\t\t\t<h2 class=\"elementor-heading-title elementor-size-default\">KNOW MY METHOD<\/h2>\t\t\t\t<\/div>\n\t\t\t\t<\/div>\n\t\t\t\t<div class=\"elementor-element elementor-element-fadf7cf elementor-align-center elementor-widget elementor-widget-button\" data-id=\"fadf7cf\" data-element_type=\"widget\" data-e-type=\"widget\" data-widget_type=\"button.default\">\n\t\t\t\t<div class=\"elementor-widget-container\">\n\t\t\t\t\t\t\t\t\t<div class=\"elementor-button-wrapper\">\n\t\t\t\t\t<a class=\"elementor-button elementor-button-link elementor-size-md\" href=\"https:\/\/dacilcardenes.com\/te-ayudo-aqui\/#metodo\">\n\t\t\t\t\t\t<span class=\"elementor-button-content-wrapper\">\n\t\t\t\t\t\t\t\t\t<span class=\"elementor-button-text\">I WANT TO MEET HIM NOW<\/span>\n\t\t\t\t\t<\/span>\n\t\t\t\t\t<\/a>\n\t\t\t\t<\/div>\n\t\t\t\t\t\t\t\t<\/div>\n\t\t\t\t<\/div>\n\t\t\t\t\t<\/div>\n\t\t<\/div>\n\t\t\t\t\t<\/div>\n\t\t<\/section>\n\t\t\t\t<\/div>\n\t\t","protected":false},"excerpt":{"rendered":"<p>D\u00c1CIL C\u00c1RDENES The psychologist While I was studying I quickly realised that a degree in clinical psychology would not be enough to practice such a broad profession, full of nuances and where human vulnerability and fragility are the basis of the work. MY LIFE Professional My development Simultaneously with my work as a secretary and [&hellip;]<\/p>\n","protected":false},"author":3,"featured_media":0,"parent":0,"menu_order":0,"comment_status":"closed","ping_status":"closed","template":"elementor_header_footer","meta":{"footnotes":""},"class_list":["post-2033","page","type-page","status-publish","hentry"],"yoast_head":"<!-- This site is optimized with the Yoast SEO plugin v27.1.1 - https:\/\/yoast.com\/product\/yoast-seo-wordpress\/ -->\n<title>THE PSYCHOLOGIST - D\u00e1cil C\u00e1rdenes<\/title>\n<meta name=\"robots\" content=\"index, follow, max-snippet:-1, max-image-preview:large, max-video-preview:-1\" \/>\n<link rel=\"canonical\" href=\"https:\/\/dacilcardenes.com\/la-psicologa\/\" \/>\n<meta property=\"og:locale\" content=\"en_US\" \/>\n<meta property=\"og:type\" content=\"article\" \/>\n<meta property=\"og:title\" content=\"THE PSYCHOLOGIST - D\u00e1cil C\u00e1rdenes\" \/>\n<meta property=\"og:description\" content=\"D\u00c1CIL C\u00c1RDENES The psychologist While I was studying I quickly realised that a degree in clinical psychology would not be enough to practice such a broad profession, full of nuances and where human vulnerability and fragility are the basis of the work. MY LIFE Professional My development Simultaneously with my work as a secretary and [&hellip;]\" \/>\n<meta property=\"og:url\" content=\"https:\/\/dacilcardenes.com\/la-psicologa\/\" \/>\n<meta property=\"og:site_name\" content=\"D\u00e1cil C\u00e1rdenes\" \/>\n<meta property=\"article:modified_time\" content=\"2023-08-09T09:48:43+00:00\" \/>\n<meta property=\"og:image\" content=\"https:\/\/dacilcardenes.com\/wp-content\/uploads\/2023\/04\/img-dc-5.jpg\" \/>\n<meta name=\"twitter:card\" content=\"summary_large_image\" \/>\n<meta name=\"twitter:label1\" content=\"Est. reading time\" \/>\n\t<meta name=\"twitter:data1\" content=\"2 minutes\" \/>\n<script type=\"application\/ld+json\" class=\"yoast-schema-graph\">{\"@context\":\"https:\/\/schema.org\",\"@graph\":[{\"@type\":\"WebPage\",\"@id\":\"https:\/\/dacilcardenes.com\/la-psicologa\/\",\"url\":\"https:\/\/dacilcardenes.com\/la-psicologa\/\",\"name\":\"THE PSYCHOLOGIST - D\u00e1cil C\u00e1rdenes\",\"isPartOf\":{\"@id\":\"https:\/\/dacilcardenes.com\/#website\"},\"primaryImageOfPage\":{\"@id\":\"https:\/\/dacilcardenes.com\/la-psicologa\/#primaryimage\"},\"image\":{\"@id\":\"https:\/\/dacilcardenes.com\/la-psicologa\/#primaryimage\"},\"thumbnailUrl\":\"https:\/\/dacilcardenes.com\/wp-content\/uploads\/2023\/04\/img-dc-5.jpg\",\"datePublished\":\"2023-04-24T15:41:02+00:00\",\"dateModified\":\"2023-08-09T09:48:43+00:00\",\"breadcrumb\":{\"@id\":\"https:\/\/dacilcardenes.com\/la-psicologa\/#breadcrumb\"},\"inLanguage\":\"en-US\",\"potentialAction\":[{\"@type\":\"ReadAction\",\"target\":[\"https:\/\/dacilcardenes.com\/la-psicologa\/\"]}]},{\"@type\":\"ImageObject\",\"inLanguage\":\"en-US\",\"@id\":\"https:\/\/dacilcardenes.com\/la-psicologa\/#primaryimage\",\"url\":\"https:\/\/dacilcardenes.com\/wp-content\/uploads\/2023\/04\/img-dc-5.jpg\",\"contentUrl\":\"https:\/\/dacilcardenes.com\/wp-content\/uploads\/2023\/04\/img-dc-5.jpg\"},{\"@type\":\"BreadcrumbList\",\"@id\":\"https:\/\/dacilcardenes.com\/la-psicologa\/#breadcrumb\",\"itemListElement\":[{\"@type\":\"ListItem\",\"position\":1,\"name\":\"Inicio\",\"item\":\"https:\/\/dacilcardenes.com\/\"},{\"@type\":\"ListItem\",\"position\":2,\"name\":\"THE PSYCHOLOGIST\"}]},{\"@type\":\"WebSite\",\"@id\":\"https:\/\/dacilcardenes.com\/#website\",\"url\":\"https:\/\/dacilcardenes.com\/\",\"name\":\"D\u00e1cil C\u00e1rdenes\",\"description\":\"\",\"potentialAction\":[{\"@type\":\"SearchAction\",\"target\":{\"@type\":\"EntryPoint\",\"urlTemplate\":\"https:\/\/dacilcardenes.com\/?s={search_term_string}\"},\"query-input\":{\"@type\":\"PropertyValueSpecification\",\"valueRequired\":true,\"valueName\":\"search_term_string\"}}],\"inLanguage\":\"en-US\"}]}<\/script>\n<!-- \/ Yoast SEO plugin. -->","yoast_head_json":{"title":"THE PSYCHOLOGIST - D\u00e1cil C\u00e1rdenes","robots":{"index":"index","follow":"follow","max-snippet":"max-snippet:-1","max-image-preview":"max-image-preview:large","max-video-preview":"max-video-preview:-1"},"canonical":"https:\/\/dacilcardenes.com\/la-psicologa\/","og_locale":"en_US","og_type":"article","og_title":"THE PSYCHOLOGIST - D\u00e1cil C\u00e1rdenes","og_description":"D\u00c1CIL C\u00c1RDENES The psychologist While I was studying I quickly realised that a degree in clinical psychology would not be enough to practice such a broad profession, full of nuances and where human vulnerability and fragility are the basis of the work. MY LIFE Professional My development Simultaneously with my work as a secretary and [&hellip;]","og_url":"https:\/\/dacilcardenes.com\/la-psicologa\/","og_site_name":"D\u00e1cil C\u00e1rdenes","article_modified_time":"2023-08-09T09:48:43+00:00","og_image":[{"url":"https:\/\/dacilcardenes.com\/wp-content\/uploads\/2023\/04\/img-dc-5.jpg","type":"","width":"","height":""}],"twitter_card":"summary_large_image","twitter_misc":{"Est. reading time":"2 minutes"},"schema":{"@context":"https:\/\/schema.org","@graph":[{"@type":"WebPage","@id":"https:\/\/dacilcardenes.com\/la-psicologa\/","url":"https:\/\/dacilcardenes.com\/la-psicologa\/","name":"THE PSYCHOLOGIST - D\u00e1cil C\u00e1rdenes","isPartOf":{"@id":"https:\/\/dacilcardenes.com\/#website"},"primaryImageOfPage":{"@id":"https:\/\/dacilcardenes.com\/la-psicologa\/#primaryimage"},"image":{"@id":"https:\/\/dacilcardenes.com\/la-psicologa\/#primaryimage"},"thumbnailUrl":"https:\/\/dacilcardenes.com\/wp-content\/uploads\/2023\/04\/img-dc-5.jpg","datePublished":"2023-04-24T15:41:02+00:00","dateModified":"2023-08-09T09:48:43+00:00","breadcrumb":{"@id":"https:\/\/dacilcardenes.com\/la-psicologa\/#breadcrumb"},"inLanguage":"en-US","potentialAction":[{"@type":"ReadAction","target":["https:\/\/dacilcardenes.com\/la-psicologa\/"]}]},{"@type":"ImageObject","inLanguage":"en-US","@id":"https:\/\/dacilcardenes.com\/la-psicologa\/#primaryimage","url":"https:\/\/dacilcardenes.com\/wp-content\/uploads\/2023\/04\/img-dc-5.jpg","contentUrl":"https:\/\/dacilcardenes.com\/wp-content\/uploads\/2023\/04\/img-dc-5.jpg"},{"@type":"BreadcrumbList","@id":"https:\/\/dacilcardenes.com\/la-psicologa\/#breadcrumb","itemListElement":[{"@type":"ListItem","position":1,"name":"Inicio","item":"https:\/\/dacilcardenes.com\/"},{"@type":"ListItem","position":2,"name":"THE PSYCHOLOGIST"}]},{"@type":"WebSite","@id":"https:\/\/dacilcardenes.com\/#website","url":"https:\/\/dacilcardenes.com\/","name":"D\u00e1cil C\u00e1rdenes","description":"","potentialAction":[{"@type":"SearchAction","target":{"@type":"EntryPoint","urlTemplate":"https:\/\/dacilcardenes.com\/?s={search_term_string}"},"query-input":{"@type":"PropertyValueSpecification","valueRequired":true,"valueName":"search_term_string"}}],"inLanguage":"en-US"}]}},"_links":{"self":[{"href":"https:\/\/dacilcardenes.com\/en\/wp-json\/wp\/v2\/pages\/2033","targetHints":{"allow":["GET"]}}],"collection":[{"href":"https:\/\/dacilcardenes.com\/en\/wp-json\/wp\/v2\/pages"}],"about":[{"href":"https:\/\/dacilcardenes.com\/en\/wp-json\/wp\/v2\/types\/page"}],"author":[{"embeddable":true,"href":"https:\/\/dacilcardenes.com\/en\/wp-json\/wp\/v2\/users\/3"}],"replies":[{"embeddable":true,"href":"https:\/\/dacilcardenes.com\/en\/wp-json\/wp\/v2\/comments?post=2033"}],"version-history":[{"count":1,"href":"https:\/\/dacilcardenes.com\/en\/wp-json\/wp\/v2\/pages\/2033\/revisions"}],"predecessor-version":[{"id":2034,"href":"https:\/\/dacilcardenes.com\/en\/wp-json\/wp\/v2\/pages\/2033\/revisions\/2034"}],"wp:attachment":[{"href":"https:\/\/dacilcardenes.com\/en\/wp-json\/wp\/v2\/media?parent=2033"}],"curies":[{"name":"wp","href":"https:\/\/api.w.org\/{rel}","templated":true}]}}