{"id":2039,"date":"2023-04-25T18:18:17","date_gmt":"2023-04-25T16:18:17","guid":{"rendered":"https:\/\/dacilcardenes.com\/politica-de-privacidad\/"},"modified":"2023-08-09T12:10:15","modified_gmt":"2023-08-09T10:10:15","slug":"politica-de-privacidad","status":"publish","type":"page","link":"https:\/\/dacilcardenes.com\/en\/politica-de-privacidad\/","title":{"rendered":"POL\u00cdTICA DE PRIVACIDAD"},"content":{"rendered":"\t\t<div data-elementor-type=\"wp-page\" data-elementor-id=\"2039\" class=\"elementor elementor-2039 elementor-1010\" data-elementor-post-type=\"page\">\n\t\t\t\t\t\t<section class=\"elementor-section elementor-top-section elementor-element elementor-element-2fe47c9 elementor-section-full_width elementor-section-height-default elementor-section-height-default\" data-id=\"2fe47c9\" data-element_type=\"section\" data-e-type=\"section\" data-settings=\"{&quot;background_background&quot;:&quot;classic&quot;}\">\n\t\t\t\t\t\t<div class=\"elementor-container elementor-column-gap-default\">\n\t\t\t\t\t<div class=\"elementor-column elementor-col-100 elementor-top-column elementor-element elementor-element-aaa6949 elementor-invisible\" data-id=\"aaa6949\" data-element_type=\"column\" data-e-type=\"column\" data-settings=\"{&quot;animation&quot;:&quot;fadeIn&quot;}\">\n\t\t\t<div class=\"elementor-widget-wrap elementor-element-populated\">\n\t\t\t\t\t\t<div class=\"elementor-element elementor-element-f26b94e elementor-widget elementor-widget-heading\" data-id=\"f26b94e\" data-element_type=\"widget\" data-e-type=\"widget\" data-widget_type=\"heading.default\">\n\t\t\t\t<div class=\"elementor-widget-container\">\n\t\t\t\t\t<h2 class=\"elementor-heading-title elementor-size-default\">Privacy policy<\/h2>\t\t\t\t<\/div>\n\t\t\t\t<\/div>\n\t\t\t\t<div class=\"elementor-element elementor-element-41aa483 elementor-widget elementor-widget-text-editor\" data-id=\"41aa483\" data-element_type=\"widget\" data-e-type=\"widget\" data-widget_type=\"text-editor.default\">\n\t\t\t\t<div class=\"elementor-widget-container\">\n\t\t\t\t\t\t\t\t\t<p><b>Responsible<br><\/b>D\u00e1cil C\u00e1rdenes&nbsp;Ram\u00edrez with DNI 78.497.907-B and with fiscal address at Calle Princesa, 79 &#8211; 28008 Madrid.<\/p>\n<p><b>Information and Consent<\/b><br>By reading this Privacy Policy, the User is informed about the way in which D\u00e1cil C\u00e1rdenes&nbsp;collects, processes and protects the personal data provided to it through the website https:\/\/www.dacilcardenes.com (hereinafter, the &#8220;Website&#8221;), as well as your own connection and navigation through the Website (hereinafter, the &#8220;navigation&#8221;) and any other data that you may provide in the future to D\u00e1cil C\u00e1rdenes, or through any other means provided.<\/p>\n<p>The User should carefully read this Privacy Policy, which has been drafted in a clear and simple manner, to facilitate its understanding, and freely and voluntarily determine whether he\/she wishes to provide his\/her personal data, or those of third parties, to D\u00e1cil C\u00e1rdenes<span style=\"background-color: var( --e-global-color-8d84fa8 );\">.<\/span><\/p>\n<p><b>Purpose<\/b><br>The information provided will be processed for the management of your business relationship. If you have provided us with your e-mail address in the relevant registration, we will send you information about new products and services by sending you a newsletter at a later date. &#8220;In order to be able to offer you products and services according to your interests and to improve your user experience, we will create a &#8220;marketing profile&#8221;, based on the information provided. No automated decisions will be taken on the basis of such a profile&#8221;.<\/p>\n<p>Depending on the User&#8217;s requests, the personal data collected will be processed by D\u00e1cil C\u00e1rdenes&nbsp;in accordance with the following purposes:<\/p>\n<p>Manage the subscription to the newsletter and subsequent sending of the same.<\/p>\n<p>Manage your contact requests with D\u00e1cil C\u00e1rdenes&nbsp;through the channels provided for this purpose.<\/p>\n<p>Manage surveys and\/or evaluations of the quality of the services provided by D\u00e1cil C\u00e1rdenes.&nbsp;and\/or the perception of its image as a company.<\/p>\n<p>What user data will we process?<\/p>\n<p>We will process the following categories of data of the Data Subject:<\/p>\n<p>1. Identification data: name, surname, ID card number, postal address, e-mail address, telephone number.<br>2. User and\/or customer identification codes or passwords.<br>3. Preference data.<\/p>\n<p>In the event that the Interested Party provides data of third parties, he\/she declares that he\/she has the consent of said third parties and undertakes to transfer the information contained in the Privacy Policy, exempting D\u00e1cil C\u00e1rdenes&nbsp;from any liability in this regard.<\/p>\n<p>How long will we keep your data?<\/p>\n<p>Your personal data will be kept for as long as the business relationship is maintained, as long as their deletion is not requested by the data subject or for the period of time necessary for the fulfilment of each purpose. If you have given your consent for the newsletter to be sent, your data will be retained for as long as you do not request its deletion.<\/p>\n<p><b>Legitimation<\/b><br>The legal basis for the processing of your data is the established contractual relationship and the legitimate interest in receiving information about our products and services.<\/p>\n<p><b>Addressees<\/b><br>The User&#8217;s data may be communicated to: Investee companies or companies of the business group, solely for internal administrative purposes and\/or for the purposes indicated above.<br>Suppliers of D\u00e1cil C\u00e1rdenes&nbsp;necessary for the proper fulfilment of the legal obligations and\/or the purposes indicated above.<br>Public Administrations, in the cases provided for by law.<br>The recipients indicated in this section may be located within or outside the European Economic Area, and in the latter case, international data transfers are duly legitimised.<\/p>\n<p><b>Rights<\/b><br>Interested parties have the right to access their personal data, as well as to request the rectification of inaccurate data or, where appropriate, to request its deletion when, among other reasons, the data is no longer necessary for the purposes for which it was collected.<br>In certain circumstances, data subjects may request that we restrict the processing of their data, in which case we may retain the data for the purpose of asserting or defending claims.<br>In certain circumstances and on grounds relating to their particular situation, data subjects may object to the processing of their data, as well as to their portability.<\/p>\n<p>To exercise your rights, you can contact us by sending a letter to D\u00e1cil C\u00e1rdenes, or by sending an e-mail to the address hola@dacilcardenes.com, in both cases, with the Reference &#8220;Data Protection&#8221;, enclosing a photocopy of your identity card or valid passport.<\/p>\t\t\t\t\t\t\t\t<\/div>\n\t\t\t\t<\/div>\n\t\t\t\t\t<\/div>\n\t\t<\/div>\n\t\t\t\t\t<\/div>\n\t\t<\/section>\n\t\t\t\t<\/div>\n\t\t","protected":false},"excerpt":{"rendered":"<p>Privacy policy ResponsibleD\u00e1cil C\u00e1rdenes&nbsp;Ram\u00edrez with DNI 78.497.907-B and with fiscal address at Calle Princesa, 79 &#8211; 28008 Madrid. Information and ConsentBy reading this Privacy Policy, the User is informed about the way in which D\u00e1cil C\u00e1rdenes&nbsp;collects, processes and protects the personal data provided to it through the website https:\/\/www.dacilcardenes.com (hereinafter, the &#8220;Website&#8221;), as well as [&hellip;]<\/p>\n","protected":false},"author":3,"featured_media":0,"parent":0,"menu_order":0,"comment_status":"closed","ping_status":"closed","template":"","meta":{"footnotes":""},"class_list":["post-2039","page","type-page","status-publish","hentry"],"yoast_head":"<!-- This site is optimized with the Yoast SEO plugin v27.1.1 - https:\/\/yoast.com\/product\/yoast-seo-wordpress\/ -->\n<title>POL\u00cdTICA DE PRIVACIDAD - D\u00e1cil C\u00e1rdenes<\/title>\n<meta name=\"robots\" content=\"index, follow, max-snippet:-1, max-image-preview:large, max-video-preview:-1\" \/>\n<link rel=\"canonical\" href=\"https:\/\/dacilcardenes.com\/politica-de-privacidad\/\" \/>\n<meta property=\"og:locale\" content=\"en_US\" \/>\n<meta property=\"og:type\" content=\"article\" \/>\n<meta property=\"og:title\" content=\"POL\u00cdTICA DE PRIVACIDAD - D\u00e1cil C\u00e1rdenes\" \/>\n<meta property=\"og:description\" content=\"Privacy policy ResponsibleD\u00e1cil C\u00e1rdenes&nbsp;Ram\u00edrez with DNI 78.497.907-B and with fiscal address at Calle Princesa, 79 &#8211; 28008 Madrid. Information and ConsentBy reading this Privacy Policy, the User is informed about the way in which D\u00e1cil C\u00e1rdenes&nbsp;collects, processes and protects the personal data provided to it through the website https:\/\/www.dacilcardenes.com (hereinafter, the &#8220;Website&#8221;), as well as [&hellip;]\" \/>\n<meta property=\"og:url\" content=\"https:\/\/dacilcardenes.com\/politica-de-privacidad\/\" \/>\n<meta property=\"og:site_name\" content=\"D\u00e1cil C\u00e1rdenes\" \/>\n<meta property=\"article:modified_time\" content=\"2023-08-09T10:10:15+00:00\" \/>\n<meta name=\"twitter:card\" content=\"summary_large_image\" \/>\n<meta name=\"twitter:label1\" content=\"Est. reading time\" \/>\n\t<meta name=\"twitter:data1\" content=\"4 minutes\" \/>\n<script type=\"application\/ld+json\" class=\"yoast-schema-graph\">{\"@context\":\"https:\/\/schema.org\",\"@graph\":[{\"@type\":\"WebPage\",\"@id\":\"https:\/\/dacilcardenes.com\/politica-de-privacidad\/\",\"url\":\"https:\/\/dacilcardenes.com\/politica-de-privacidad\/\",\"name\":\"POL\u00cdTICA DE PRIVACIDAD - D\u00e1cil C\u00e1rdenes\",\"isPartOf\":{\"@id\":\"https:\/\/dacilcardenes.com\/#website\"},\"datePublished\":\"2023-04-25T16:18:17+00:00\",\"dateModified\":\"2023-08-09T10:10:15+00:00\",\"breadcrumb\":{\"@id\":\"https:\/\/dacilcardenes.com\/politica-de-privacidad\/#breadcrumb\"},\"inLanguage\":\"en-US\",\"potentialAction\":[{\"@type\":\"ReadAction\",\"target\":[\"https:\/\/dacilcardenes.com\/politica-de-privacidad\/\"]}]},{\"@type\":\"BreadcrumbList\",\"@id\":\"https:\/\/dacilcardenes.com\/politica-de-privacidad\/#breadcrumb\",\"itemListElement\":[{\"@type\":\"ListItem\",\"position\":1,\"name\":\"Inicio\",\"item\":\"https:\/\/dacilcardenes.com\/\"},{\"@type\":\"ListItem\",\"position\":2,\"name\":\"POL\u00cdTICA DE PRIVACIDAD\"}]},{\"@type\":\"WebSite\",\"@id\":\"https:\/\/dacilcardenes.com\/#website\",\"url\":\"https:\/\/dacilcardenes.com\/\",\"name\":\"D\u00e1cil C\u00e1rdenes\",\"description\":\"\",\"potentialAction\":[{\"@type\":\"SearchAction\",\"target\":{\"@type\":\"EntryPoint\",\"urlTemplate\":\"https:\/\/dacilcardenes.com\/?s={search_term_string}\"},\"query-input\":{\"@type\":\"PropertyValueSpecification\",\"valueRequired\":true,\"valueName\":\"search_term_string\"}}],\"inLanguage\":\"en-US\"}]}<\/script>\n<!-- \/ Yoast SEO plugin. -->","yoast_head_json":{"title":"POL\u00cdTICA DE PRIVACIDAD - D\u00e1cil C\u00e1rdenes","robots":{"index":"index","follow":"follow","max-snippet":"max-snippet:-1","max-image-preview":"max-image-preview:large","max-video-preview":"max-video-preview:-1"},"canonical":"https:\/\/dacilcardenes.com\/politica-de-privacidad\/","og_locale":"en_US","og_type":"article","og_title":"POL\u00cdTICA DE PRIVACIDAD - D\u00e1cil C\u00e1rdenes","og_description":"Privacy policy ResponsibleD\u00e1cil C\u00e1rdenes&nbsp;Ram\u00edrez with DNI 78.497.907-B and with fiscal address at Calle Princesa, 79 &#8211; 28008 Madrid. Information and ConsentBy reading this Privacy Policy, the User is informed about the way in which D\u00e1cil C\u00e1rdenes&nbsp;collects, processes and protects the personal data provided to it through the website https:\/\/www.dacilcardenes.com (hereinafter, the &#8220;Website&#8221;), as well as [&hellip;]","og_url":"https:\/\/dacilcardenes.com\/politica-de-privacidad\/","og_site_name":"D\u00e1cil C\u00e1rdenes","article_modified_time":"2023-08-09T10:10:15+00:00","twitter_card":"summary_large_image","twitter_misc":{"Est. reading time":"4 minutes"},"schema":{"@context":"https:\/\/schema.org","@graph":[{"@type":"WebPage","@id":"https:\/\/dacilcardenes.com\/politica-de-privacidad\/","url":"https:\/\/dacilcardenes.com\/politica-de-privacidad\/","name":"POL\u00cdTICA DE PRIVACIDAD - D\u00e1cil C\u00e1rdenes","isPartOf":{"@id":"https:\/\/dacilcardenes.com\/#website"},"datePublished":"2023-04-25T16:18:17+00:00","dateModified":"2023-08-09T10:10:15+00:00","breadcrumb":{"@id":"https:\/\/dacilcardenes.com\/politica-de-privacidad\/#breadcrumb"},"inLanguage":"en-US","potentialAction":[{"@type":"ReadAction","target":["https:\/\/dacilcardenes.com\/politica-de-privacidad\/"]}]},{"@type":"BreadcrumbList","@id":"https:\/\/dacilcardenes.com\/politica-de-privacidad\/#breadcrumb","itemListElement":[{"@type":"ListItem","position":1,"name":"Inicio","item":"https:\/\/dacilcardenes.com\/"},{"@type":"ListItem","position":2,"name":"POL\u00cdTICA DE PRIVACIDAD"}]},{"@type":"WebSite","@id":"https:\/\/dacilcardenes.com\/#website","url":"https:\/\/dacilcardenes.com\/","name":"D\u00e1cil C\u00e1rdenes","description":"","potentialAction":[{"@type":"SearchAction","target":{"@type":"EntryPoint","urlTemplate":"https:\/\/dacilcardenes.com\/?s={search_term_string}"},"query-input":{"@type":"PropertyValueSpecification","valueRequired":true,"valueName":"search_term_string"}}],"inLanguage":"en-US"}]}},"_links":{"self":[{"href":"https:\/\/dacilcardenes.com\/en\/wp-json\/wp\/v2\/pages\/2039","targetHints":{"allow":["GET"]}}],"collection":[{"href":"https:\/\/dacilcardenes.com\/en\/wp-json\/wp\/v2\/pages"}],"about":[{"href":"https:\/\/dacilcardenes.com\/en\/wp-json\/wp\/v2\/types\/page"}],"author":[{"embeddable":true,"href":"https:\/\/dacilcardenes.com\/en\/wp-json\/wp\/v2\/users\/3"}],"replies":[{"embeddable":true,"href":"https:\/\/dacilcardenes.com\/en\/wp-json\/wp\/v2\/comments?post=2039"}],"version-history":[{"count":1,"href":"https:\/\/dacilcardenes.com\/en\/wp-json\/wp\/v2\/pages\/2039\/revisions"}],"predecessor-version":[{"id":2040,"href":"https:\/\/dacilcardenes.com\/en\/wp-json\/wp\/v2\/pages\/2039\/revisions\/2040"}],"wp:attachment":[{"href":"https:\/\/dacilcardenes.com\/en\/wp-json\/wp\/v2\/media?parent=2039"}],"curies":[{"name":"wp","href":"https:\/\/api.w.org\/{rel}","templated":true}]}}